{"id":6104,"date":"2024-07-19T20:36:38","date_gmt":"2024-07-19T20:36:38","guid":{"rendered":"http:\/\/enfoca2sstudios.com\/staging\/?page_id=6104"},"modified":"2024-07-19T20:39:38","modified_gmt":"2024-07-19T20:39:38","slug":"terminos-y-condiciones","status":"publish","type":"page","link":"https:\/\/enfoca2sstudios.com\/staging\/terminos-y-condiciones\/","title":{"rendered":"T\u00e9rminos y condiciones"},"content":{"rendered":"\t\t<div data-elementor-type=\"wp-page\" data-elementor-id=\"6104\" class=\"elementor elementor-6104\" data-elementor-settings=\"{&quot;ha_cmc_init_switcher&quot;:&quot;no&quot;}\">\n\t\t\t\t<div class=\"elementor-element elementor-element-7052335a e-flex e-con-boxed e-con e-parent\" data-id=\"7052335a\" data-element_type=\"container\" data-e-type=\"container\" data-settings=\"{&quot;background_background&quot;:&quot;classic&quot;,&quot;_ha_eqh_enable&quot;:false}\">\n\t\t\t\t\t<div class=\"e-con-inner\">\n\t\t\t\t<div class=\"elementor-element elementor-element-c873b28 elementor-widget elementor-widget-heading\" data-id=\"c873b28\" data-element_type=\"widget\" data-e-type=\"widget\" data-widget_type=\"heading.default\">\n\t\t\t\t<div class=\"elementor-widget-container\">\n\t\t\t\t\t<h2 class=\"elementor-heading-title elementor-size-default\">T\u00c9RMINOS Y CONDICIONES<\/h2>\t\t\t\t<\/div>\n\t\t\t\t<\/div>\n\t\t\t\t<div class=\"elementor-element elementor-element-dec0080 elementor-widget elementor-widget-text-editor\" data-id=\"dec0080\" data-element_type=\"widget\" data-e-type=\"widget\" data-widget_type=\"text-editor.default\">\n\t\t\t\t<div class=\"elementor-widget-container\">\n\t\t\t\t\t\t\t\t\t<p><span style=\"font-size: large;\"><span lang=\"es-ES\">Bienvenido a Enfoca2\u2019s Studios. A continuaci\u00f3n, encontrar\u00e1 los t\u00e9rminos y condiciones que rigen el uso de nuestros servicios. Al contratar nuestros servicios, usted acepta cumplir con estos t\u00e9rminos. Si tiene alguna pregunta, no dude en contactarnos.<\/span><\/span><\/p><p><span style=\"font-size: large;\"><span lang=\"es-ES\"><b>1. Servicios y Precios<\/b><\/span><\/span><\/p><p><span style=\"font-size: large;\"><span lang=\"es-ES\">Tenemos servicios variados seg\u00fan la necesidad de cada marca. Nuestros servicios incluyen, Logo, Mascota Corporativa, Social Media, P\u00e1gina Web, Edici\u00f3n y dise\u00f1o de imagen y video, conversatorios. El precio de nuestros servicios var\u00eda seg\u00fan el plan escogido y las necesidades espec\u00edficas del cliente. Nos comprometemos a brindar servicios de dise\u00f1o gr\u00e1fico que garantizan su satisfacci\u00f3n. Sin embargo, es importante comprender que nuestros dise\u00f1os requieren creatividad y tiempo, por lo que recomendamos contactarnos al menos dos semanas antes de la fecha l\u00edmite para garantizar un dise\u00f1o de m\u00e1xima calidad.<\/span><\/span><\/p><p><span style=\"font-size: large;\"><span lang=\"es-ES\">Puede haber un recargo de el o los servicios prestados, en el caso de que haya un retraso de m\u00e1s de un mes por parte del cliente, donde el mismo se desaparezca o no proporcione a tiempo el material o informaci\u00f3n requerida para llevar a cabo el servicio.<\/span><\/span><\/p><p><span style=\"font-size: large;\"><span lang=\"es-ES\"><b>2. Procesos y tiempos de Dise\u00f1o<\/b><\/span><\/span><\/p><p><span style=\"font-size: large;\"><span lang=\"es-ES\">Antes de comenzar cualquier servicio, se notificar\u00e1 al cliente el tiempo estimado de duraci\u00f3n del mismo. Este es un trabajo colaborativo, por lo que necesitaremos informaci\u00f3n y\/o material digital de la marca para llevar a cabo el servicio. Si el cliente no proporciona el material necesario a tiempo y esto genera un retraso, la responsabilidad no recaer\u00e1 sobre la agencia.<\/span><\/span><\/p><p><span style=\"font-size: large;\"><span lang=\"es-ES\">Es importante tener en cuenta que el proceso creativo puede ser variable. Aunque nos esforzamos por cumplir con las fechas estipuladas, ocasionalmente la entrega puede ser antes o un poco despu\u00e9s del tiempo estimado. Sin embargo, en la mayor\u00eda de los casos, entregamos a tiempo o incluso antes de la fecha acordada.<\/span><\/span><\/p><p><span style=\"font-size: large;\"><span lang=\"es-ES\">Comenzaremos estudiando su marca mediante un test que le enviaremos, en el que usted nos explicara un resumen de su proyecto, y detalles de que quiere del servicio solicitado, y as\u00ed poder cubrir su necesidad.<\/span><\/span><\/p><p><span style=\"font-size: large;\"><span lang=\"es-ES\">Nuestro proceso de dise\u00f1o es secuencial y colaborativo, por lo que a medida que se avance se le mostrar\u00e1 para que usted pueda corregir o aprobar.<\/span><\/span><\/p><p><span style=\"font-size: large;\"><span lang=\"es-ES\">Ya una vez est\u00e9 aprobado cada proceso, se pasa al siguiente, hasta llegar a la entrega final.<\/span><\/span><\/p><p><span style=\"font-size: large;\"><span lang=\"es-ES\"><b>3. Revisiones y Aprobar Etapas<\/b><\/span><\/span><\/p><p><span style=\"font-size: large;\"><span lang=\"es-ES\">Ofrecemos constantes revisiones que ser\u00e1n necesarias para lograr los objetivos de su marca, de hecho, no se le limitara si al momento de la revisi\u00f3n los elementos que se le presenten necesiten ser modificados. Sin embargo, una vez sea aprobada cada etapa, no se puede retroceder y volver a hacer grandes cambios o modificar estas aprobaciones sin costos adicionales ya que para eso se pide que apruebe, si no est\u00e1 seguro de aprobar algo y lo quiere cambiar, es mejor que lo notifique, y no que lo apruebe y despu\u00e9s quiera cambiarlo. <\/span><\/span><\/p><p><span style=\"font-size: large;\"><span lang=\"es-ES\"><b>4. Abandono de Proyecto<\/b><\/span><\/span><\/p><p><span style=\"font-size: large;\"><span lang=\"es-ES\">Un proyecto se considera abandonado si no recibimos noticias del cliente durante un per\u00edodo mayor a dos meses. En ese caso, el cliente perder\u00e1 todos los derechos sobre los dise\u00f1os o bocetos terminados o en proceso, y el servicio se dar\u00e1 por terminado.<\/span><\/span><\/p><p><span style=\"font-size: large;\"><span lang=\"es-ES\"><b>5. Entrega de Proyecto<\/b><\/span><\/span><\/p><p><span style=\"font-size: large;\"><span lang=\"es-ES\">El proyecto se entrega una vez se haya pagado la totalidad del costo del mismo. Antes de realizar este pago, el cliente no podr\u00e1 utilizar los elementos que se le muestren para correcci\u00f3n o aprobaci\u00f3n. Una vez emitido el \u00faltimo pago, se iniciar\u00e1 un proceso de entrega que puede tardar varios d\u00edas para proporcionar el material digital del servicio. Por ejemplo, en el caso de social media, se paga en su totalidad al adquirir el servicio, pero la entrega final requiere varios d\u00edas de dise\u00f1o seg\u00fan el plan que adquiera.<\/span><\/span><\/p><p><span style=\"font-size: large;\"><span lang=\"es-ES\"><b>6. Derechos de Autor<\/b><\/span><\/span><\/p><p><span style=\"font-size: large;\"><span lang=\"es-ES\">Los derechos de autor del trabajo final pertenecen al cliente al recibir el pago final. Nos reservamos el derecho de reclamar la autor\u00eda de la obra de arte y de mostrar los resultados en nuestro portafolio, blog o perfiles sociales de Enfoca2s Studios para promocionar nuestro trabajo. Los bocetos no aprobados que sean significativamente diferentes al dise\u00f1o final nos pertenecen.<\/span><\/span><\/p><p><span style=\"font-size: large;\"><span lang=\"es-ES\"><b>7. Confidencialidad<\/b><\/span><\/span><\/p><p><span style=\"font-size: large;\"><span lang=\"es-ES\">En Enfoca2s Studios, nos tomamos muy en serio la confidencialidad de la informaci\u00f3n de nuestros clientes. Toda la informaci\u00f3n recopilada durante el proceso de dise\u00f1o y desarrollo ser\u00e1 manejada con la m\u00e1xima discreci\u00f3n y no ser\u00e1 utilizada ni expuesta de ninguna manera que no sea directamente necesaria para la realizaci\u00f3n del servicio contratado.<\/span><\/span><\/p><p><span style=\"font-size: large;\"><span lang=\"es-ES\">No obstante, el resultado final del servicio (como logotipos, p\u00e1ginas web, gr\u00e1ficos, etc.) podr\u00e1 ser utilizado por Enfoca2s Studios en nuestro portafolio, blog o perfiles sociales para promocionar nuestros servicios. Esto nos permite mostrar la calidad y el alcance de nuestro trabajo a futuros clientes. Si el cliente no desea que su proyecto sea utilizado de esta manera, debe comunicarlo expl\u00edcitamente antes de iniciar el servicio.<\/span><\/span><\/p><p><span style=\"font-size: large;\"><span lang=\"es-ES\">En caso de que el cliente necesite un acuerdo de confidencialidad espec\u00edfico para el servicio adquirido, debe informarnos con antelaci\u00f3n. Es importante tener en cuenta que este tipo de acuerdos puede implicar un costo adicional debido a las restricciones adicionales que implica para la promoci\u00f3n de nuestros servicios.<\/span><\/span><\/p><p><span style=\"font-size: large;\"><span lang=\"es-ES\">Agradecemos la comprensi\u00f3n y colaboraci\u00f3n de nuestros clientes para poder seguir ofreciendo servicios de alta calidad y confianza.<\/span><\/span><\/p><p><span style=\"font-size: large;\"><span lang=\"es-ES\"><b>8. M\u00e9todos de Pago<\/b><\/span><\/span><\/p><p><span style=\"font-size: large;\"><span lang=\"es-ES\">Ofrecemos varios m\u00e9todos de pago seguros a nivel internacional, y se usa el que sea m\u00e1s conveniente para el cliente, sin embargo, si alguna de las plataformas cobra un porcentaje por el uso del servicio, este corresponde al cliente y no a la agencia. Para iniciar el proceso del servicio el cliente debe enviar un pago inicial del 50% al comenzar el proyecto y al final, ya cuando se le entregar\u00e1 corresponde el pago final. Exceptuando el servicio de social media que en cualquiera de sus planes debe ser pagado de inmediato para poder ser llevado a cabo. <\/span><\/span><\/p><p><span style=\"font-size: large;\"><span lang=\"es-ES\"><b>9. Reembolsos<\/b><\/span><\/span><\/p><ul><li><span style=\"font-size: large;\"><span lang=\"es-ES\"><b>1ero. Cancelaci\u00f3n por Decisi\u00f3n del Cliente:<br \/><\/b><\/span><\/span><span style=\"font-size: large;\"><span lang=\"es-ES\">Si el cliente decide retirar el proyecto por cualquier raz\u00f3n, se le cobrar\u00e1 por el trabajo realizado hasta el momento de la cancelaci\u00f3n, incluyendo cualquier fase no aprobada pero trabajada. Esto asegura que el tiempo y esfuerzo invertido por nuestro equipo sean debidamente compensados. Es importante que el cliente comprenda que cada etapa aprobada y avanzando hacia la siguiente implica un compromiso de pago por el trabajo realizado.<br \/><br \/><\/span><\/span><\/li><li><span style=\"font-size: large;\"><span lang=\"es-ES\"><b>2do. Cancelaci\u00f3n por No Cumplir Expectativas:<br \/><\/b><\/span><\/span><span style=\"font-size: large;\"><span lang=\"es-ES\">Si el cliente decide retirar el proyecto porque no se cumplieron las expectativas, se le cobrar\u00e1 solo hasta la \u00faltima fase aprobada. En este caso, cualquier trabajo no aprobado no se cobrar\u00e1, reconociendo as\u00ed la insatisfacci\u00f3n del cliente con el resultado final. Nos esforzamos por cumplir con las expectativas y garantizar la satisfacci\u00f3n del cliente, y en situaciones donde esto no se logra, buscamos ser justos y transparentes con los reembolsos correspondientes.<br \/><br \/><\/span><\/span><span style=\"font-size: large;\"><span lang=\"es-ES\">Este aplica cuando la fase inicial no es aprobada, enti\u00e9ndase que, si ya usted aprob\u00f3 la primera fase, si hay un gusto por el trabajo realizado, es decir, este reembolso no aplicar\u00eda debido a que hay diferentes externos a la agencia por la cual usted quiere retirar el proyecto.<br \/><br \/><\/span><\/span><span style=\"font-size: large;\"><span lang=\"es-ES\">Estamos abiertos a correcciones, de hecho, si no le gusta la primera propuesta que le mandemos, no hay ning\u00fan problema en que se pueda corregir, justamente para eso es la fase de correcciones, nuestro canal de comunicaci\u00f3n siempre estar\u00e1 abierto a escucharles y a que se corrija cuando sea debido. No por el hecho de que a usted no le guste la primera propuesta que le tengamos quiere decir que usted se podr\u00e1 retirar y quedar\u00e1 exento de pago, esto proceder\u00e1 a ocurrir solamente una vez que ambas partes est\u00e9n de acuerdo en acabar el proyecto, ya que mientras nosotros, como agencia, estemos abiertos a seguir y corregir las veces que sean necesarias, no podr\u00e1 retirarse arbitrariamente esperando quedar exento de pago.<\/span><\/span><\/li><\/ul><p><span style=\"font-size: large;\"><span lang=\"es-ES\"><b>10. Comunicaci\u00f3n y Feedback<\/b><\/span><\/span><\/p><p><span style=\"font-size: large;\"><span lang=\"es-ES\">Mantenemos l\u00edneas de comunicaci\u00f3n abiertas en todo momento. Nos comprometemos a escuchar sus ideas, responder sus preguntas y proporcionarle actualizaciones regulares sobre el progreso del proyecto. Valoramos su feedback y lo utilizamos para mejorar continuamente nuestros servicios.<\/span><\/span><\/p><p><span style=\"font-size: large;\"><span lang=\"es-ES\"><b>11. Modificaciones a los T\u00e9rminos<\/b><\/span><\/span><\/p><p><span style=\"font-size: large;\"><span lang=\"es-ES\">Nos reservamos el derecho de modificar estos t\u00e9rminos en cualquier momento. Le recomendamos que revise esta p\u00e1gina peri\u00f3dicamente. Su uso continuado del sitio web despu\u00e9s de la publicaci\u00f3n de cualquier cambio constituir\u00e1 su aceptaci\u00f3n de dichos cambios.<\/span><\/span><\/p><p><span style=\"font-size: large;\"><span lang=\"es-ES\"><b>12 Propiedad Intelectual<\/b><\/span><\/span><\/p><p><span style=\"font-size: large;\"><span lang=\"es-ES\">Todo el contenido de este sitio, incluyendo textos, gr\u00e1ficos, logos, im\u00e1genes y software, es propiedad de Enfoca2s Studios y est\u00e1 protegido por las leyes de propiedad intelectual. Queda prohibido el uso de cualquier contenido sin el consentimiento expl\u00edcito de la empresa.<\/span><\/span><\/p><p><span style=\"font-size: large;\"><span lang=\"es-ES\"><b>Contacto<\/b><\/span><\/span><\/p><p><span style=\"font-size: large;\"><span lang=\"es-ES\">Para cualquier pregunta o problema relacionado con estos t\u00e9rminos y condiciones, por favor, cont\u00e1ctenos a trav\u00e9s de <a href=\"mailto:enfoca2sstudio@gmail.com\">enfoca2sstudio@gmail.com<\/a>.<\/span><\/span><\/p>\t\t\t\t\t\t\t\t<\/div>\n\t\t\t\t<\/div>\n\t\t\t\t<div class=\"elementor-element elementor-element-7b372941 elementor-widget elementor-widget-eael-adv-accordion\" data-id=\"7b372941\" data-element_type=\"widget\" data-e-type=\"widget\" data-widget_type=\"eael-adv-accordion.default\">\n\t\t\t\t<div class=\"elementor-widget-container\">\n\t\t\t\t\t            <div class=\"eael-adv-accordion\" id=\"eael-adv-accordion-7b372941\" data-scroll-on-click=\"no\" data-scroll-speed=\"300\" data-accordion-id=\"7b372941\" data-accordion-type=\"accordion\" data-toogle-speed=\"300\">\n            <div class=\"eael-accordion-list\">\n\t\t\t\t\t<div id=\"cul-es-el-precio-de-sus-servicios\" class=\"elementor-tab-title eael-accordion-header\" tabindex=\"0\" data-tab=\"1\" aria-controls=\"elementor-tab-content-2061\"><span class=\"eael-advanced-accordion-icon-closed\"><i aria-hidden=\"true\" class=\"fa-accordion-icon fas fa-plus\"><\/i><\/span><span class=\"eael-advanced-accordion-icon-opened\"><i aria-hidden=\"true\" class=\"fa-accordion-icon fas fa-minus\"><\/i><\/span><span class=\"eael-accordion-tab-title\">\u00bfCu\u00e1l es el precio de sus servicios?<\/span><\/div><div id=\"elementor-tab-content-2061\" class=\"eael-accordion-content clearfix\" data-tab=\"1\" aria-labelledby=\"cul-es-el-precio-de-sus-servicios\"><p><span style=\"font-weight: 400\">El precio var\u00eda seg\u00fan el plan escogido y el servicio que necesite.<\/span><\/p><\/div>\n\t\t\t\t\t<\/div><div class=\"eael-accordion-list\">\n\t\t\t\t\t<div id=\"cunto-tardara-la-entrega-de-sus-servicios\" class=\"elementor-tab-title eael-accordion-header\" tabindex=\"0\" data-tab=\"2\" aria-controls=\"elementor-tab-content-2062\"><span class=\"eael-advanced-accordion-icon-closed\"><i aria-hidden=\"true\" class=\"fa-accordion-icon fas fa-plus\"><\/i><\/span><span class=\"eael-advanced-accordion-icon-opened\"><i aria-hidden=\"true\" class=\"fa-accordion-icon fas fa-minus\"><\/i><\/span><span class=\"eael-accordion-tab-title\">\u00bfCu\u00e1nto tardar\u00eda la entrega de sus servicios?<\/span><\/div><div id=\"elementor-tab-content-2062\" class=\"eael-accordion-content clearfix\" data-tab=\"2\" aria-labelledby=\"cunto-tardara-la-entrega-de-sus-servicios\"><p><span style=\"font-weight: 400\">Cada proyecto es \u00fanico. El tiempo de finalizaci\u00f3n depende de la complejidad del trabajo, el presupuesto del cliente, la disponibilidad de nuestro equipo creativo, la calidad y rapidez del feedback del cliente, el n\u00famero de revisiones, etc.<\/span><\/p><p>\u00a0<\/p><p><span style=\"font-weight: 400\">Por favor, comprenda que nuestros dise\u00f1os requieren grandes dosis de creatividad, por lo que puede requerir m\u00e1s tiempo que el trabajo de otros dise\u00f1adores. Para garantizar un dise\u00f1o de m\u00e1xima calidad a un precio est\u00e1ndar, recomendamos que se ponga en contacto con nuestro equipo al menos un par de semanas antes de la fecha l\u00edmite.<\/span><\/p><\/div>\n\t\t\t\t\t<\/div><div class=\"eael-accordion-list\">\n\t\t\t\t\t<div id=\"cul-es-el-lmite-de-revisiones\" class=\"elementor-tab-title eael-accordion-header\" tabindex=\"0\" data-tab=\"3\" aria-controls=\"elementor-tab-content-2063\"><span class=\"eael-advanced-accordion-icon-closed\"><i aria-hidden=\"true\" class=\"fa-accordion-icon fas fa-plus\"><\/i><\/span><span class=\"eael-advanced-accordion-icon-opened\"><i aria-hidden=\"true\" class=\"fa-accordion-icon fas fa-minus\"><\/i><\/span><span class=\"eael-accordion-tab-title\">\u00bfCu\u00e1l es el l\u00edmite de revisiones?<\/span><\/div><div id=\"elementor-tab-content-2063\" class=\"eael-accordion-content clearfix\" data-tab=\"3\" aria-labelledby=\"cul-es-el-lmite-de-revisiones\"><p><span style=\"font-weight: 400\">Ofrecemos servicios de dise\u00f1o gr\u00e1fico Premium por lo que garantizamos plena satisfacci\u00f3n. Las revisiones ser\u00e1n las necesarias para lograr los objetivos de su marca.<\/span><\/p><p>\u00a0<\/p><p><span style=\"font-weight: 400\">Sin embargo, nuestro proceso de dise\u00f1o es secuencial. Haremos el trabajo en etapas (briefing, conceptualizaci\u00f3n, boceto y dise\u00f1o final) y haremos todas las revisiones que necesites, dentro de lo razonable. Pero, cuando se apruebe una etapa, no podemos cambiarla de nuevo. Si esto sucede, el equipo se ver\u00e1 obligado a rehacer todo desde cero y podr\u00eda aumentar el precio del servicio.<\/span><\/p><p>\u00a0<\/p><\/div>\n\t\t\t\t\t<\/div><div class=\"eael-accordion-list\">\n\t\t\t\t\t<div id=\"cmo-funciona-el-proceso\" class=\"elementor-tab-title eael-accordion-header\" tabindex=\"0\" data-tab=\"4\" aria-controls=\"elementor-tab-content-2064\"><span class=\"eael-advanced-accordion-icon-closed\"><i aria-hidden=\"true\" class=\"fa-accordion-icon fas fa-plus\"><\/i><\/span><span class=\"eael-advanced-accordion-icon-opened\"><i aria-hidden=\"true\" class=\"fa-accordion-icon fas fa-minus\"><\/i><\/span><span class=\"eael-accordion-tab-title\">\u00bfC\u00f3mo funciona el proceso?<\/span><\/div><div id=\"elementor-tab-content-2064\" class=\"eael-accordion-content clearfix\" data-tab=\"4\" aria-labelledby=\"cmo-funciona-el-proceso\"><p><span style=\"font-weight: 400\">Nuestro proceso de dise\u00f1o es informal, flexible y abierto a la participaci\u00f3n del cliente:<\/span><\/p><ul><li style=\"font-weight: 400\"><span style=\"font-weight: 400\">Cu\u00e9ntanos tus necesidades y acordaremos los t\u00e9rminos.<\/span><\/li><li style=\"font-weight: 400\"><span style=\"font-weight: 400\">El cliente env\u00eda un pago inicial del 50%.<\/span><\/li><li style=\"font-weight: 400\"><span style=\"font-weight: 400\">Resumen del proyecto: Un formulario con preguntas clave que rellena el cliente.<\/span><\/li><li style=\"font-weight: 400\"><span style=\"font-weight: 400\">Conceptualizaci\u00f3n: Es el trabajo en los primeros bocetos.<\/span><\/li><li style=\"font-weight: 400\"><span style=\"font-weight: 400\">Formalizaci\u00f3n: Los bocetos se pulen en base al feedback del cliente.<\/span><\/li><li style=\"font-weight: 400\"><span style=\"font-weight: 400\">Pago final y entrega de archivos.<\/span><\/li><\/ul><\/div>\n\t\t\t\t\t<\/div><div class=\"eael-accordion-list\">\n\t\t\t\t\t<div id=\"qu-pasa-si-no-me-gusta-el-diseo\" class=\"elementor-tab-title eael-accordion-header\" tabindex=\"0\" data-tab=\"5\" aria-controls=\"elementor-tab-content-2065\"><span class=\"eael-advanced-accordion-icon-closed\"><i aria-hidden=\"true\" class=\"fa-accordion-icon fas fa-plus\"><\/i><\/span><span class=\"eael-advanced-accordion-icon-opened\"><i aria-hidden=\"true\" class=\"fa-accordion-icon fas fa-minus\"><\/i><\/span><span class=\"eael-accordion-tab-title\">\u00bfQu\u00e9 pasa si no me gusta el dise\u00f1o?<\/span><\/div><div id=\"elementor-tab-content-2065\" class=\"eael-accordion-content clearfix\" data-tab=\"5\" aria-labelledby=\"qu-pasa-si-no-me-gusta-el-diseo\"><p><span style=\"font-weight: 400\">Si no podemos ofrecer la perfecci\u00f3n, cobramos s\u00f3lo por el trabajo aprobado, por lo que hasta que apruebes el boceto preliminar, eres elegible para un reembolso completo.<\/span><\/p><\/div>\n\t\t\t\t\t<\/div><div class=\"eael-accordion-list\">\n\t\t\t\t\t<div id=\"en-qu-formato-ser-entregado-mi-diseo\" class=\"elementor-tab-title eael-accordion-header\" tabindex=\"0\" data-tab=\"6\" aria-controls=\"elementor-tab-content-2066\"><span class=\"eael-advanced-accordion-icon-closed\"><i aria-hidden=\"true\" class=\"fa-accordion-icon fas fa-plus\"><\/i><\/span><span class=\"eael-advanced-accordion-icon-opened\"><i aria-hidden=\"true\" class=\"fa-accordion-icon fas fa-minus\"><\/i><\/span><span class=\"eael-accordion-tab-title\">\u00bfEn qu\u00e9 formato ser\u00e1 entregado mi dise\u00f1o?<\/span><\/div><div id=\"elementor-tab-content-2066\" class=\"eael-accordion-content clearfix\" data-tab=\"6\" aria-labelledby=\"en-qu-formato-ser-entregado-mi-diseo\">Lorem fistrum me cago en tus muelas se calle ust\u00e9e de la pradera me cago en tus muelas apetecan al ataquerl al ataquerl. Est\u00e1 la cosa muy malar a wan fistro apetecan sexuarl. No puedor apetecan por la gloria de mi madre te voy a borrar el cerito no te digo trigo por no llamarte Rodrigor va ust\u00e9 muy cargadoo a wan ahorarr.<\/div>\n\t\t\t\t\t<\/div><\/div>\t\t\t\t<\/div>\n\t\t\t\t<\/div>\n\t\t\t\t\t<\/div>\n\t\t\t\t<\/div>\n\t\t\t\t<\/div>\n\t\t","protected":false},"excerpt":{"rendered":"<p>T\u00c9RMINOS Y CONDICIONES Bienvenido a Enfoca2\u2019s Studios. A continuaci\u00f3n, encontrar\u00e1 los t\u00e9rminos y condiciones que rigen el uso de nuestros servicios. Al contratar nuestros servicios, usted acepta cumplir con estos t\u00e9rminos. Si tiene alguna pregunta, no dude en contactarnos. 1. Servicios y Precios Tenemos servicios variados seg\u00fan la necesidad de cada marca. Nuestros servicios incluyen, [&hellip;]<\/p>\n","protected":false},"author":1,"featured_media":0,"parent":0,"menu_order":19,"comment_status":"closed","ping_status":"closed","template":"","meta":{"site-sidebar-layout":"no-sidebar","site-content-layout":"","ast-site-content-layout":"full-width-container","site-content-style":"unboxed","site-sidebar-style":"unboxed","ast-global-header-display":"disabled","ast-banner-title-visibility":"disabled","ast-main-header-display":"","ast-hfb-above-header-display":"","ast-hfb-below-header-display":"","ast-hfb-mobile-header-display":"","site-post-title":"disabled","ast-breadcrumbs-content":"","ast-featured-img":"","footer-sml-layout":"disabled","ast-disable-related-posts":"","theme-transparent-header-meta":"","adv-header-id-meta":"","stick-header-meta":"","header-above-stick-meta":"","header-main-stick-meta":"","header-below-stick-meta":"","astra-migrate-meta-layouts":"default","ast-page-background-enabled":"default","ast-page-background-meta":{"desktop":{"background-color":"var(--ast-global-color-4)","background-image":"","background-repeat":"repeat","background-position":"center center","background-size":"auto","background-attachment":"scroll","background-type":"","background-media":"","overlay-type":"","overlay-color":"","overlay-opacity":"","overlay-gradient":""},"tablet":{"background-color":"","background-image":"","background-repeat":"repeat","background-position":"center center","background-size":"auto","background-attachment":"scroll","background-type":"","background-media":"","overlay-type":"","overlay-color":"","overlay-opacity":"","overlay-gradient":""},"mobile":{"background-color":"","background-image":"","background-repeat":"repeat","background-position":"center center","background-size":"auto","background-attachment":"scroll","background-type":"","background-media":"","overlay-type":"","overlay-color":"","overlay-opacity":"","overlay-gradient":""}},"ast-content-background-meta":{"desktop":{"background-color":"var(--ast-global-color-5)","background-image":"","background-repeat":"repeat","background-position":"center center","background-size":"auto","background-attachment":"scroll","background-type":"","background-media":"","overlay-type":"","overlay-color":"","overlay-opacity":"","overlay-gradient":""},"tablet":{"background-color":"var(--ast-global-color-5)","background-image":"","background-repeat":"repeat","background-position":"center center","background-size":"auto","background-attachment":"scroll","background-type":"","background-media":"","overlay-type":"","overlay-color":"","overlay-opacity":"","overlay-gradient":""},"mobile":{"background-color":"var(--ast-global-color-5)","background-image":"","background-repeat":"repeat","background-position":"center center","background-size":"auto","background-attachment":"scroll","background-type":"","background-media":"","overlay-type":"","overlay-color":"","overlay-opacity":"","overlay-gradient":""}},"footnotes":""},"class_list":["post-6104","page","type-page","status-publish","hentry"],"_links":{"self":[{"href":"https:\/\/enfoca2sstudios.com\/staging\/wp-json\/wp\/v2\/pages\/6104","targetHints":{"allow":["GET"]}}],"collection":[{"href":"https:\/\/enfoca2sstudios.com\/staging\/wp-json\/wp\/v2\/pages"}],"about":[{"href":"https:\/\/enfoca2sstudios.com\/staging\/wp-json\/wp\/v2\/types\/page"}],"author":[{"embeddable":true,"href":"https:\/\/enfoca2sstudios.com\/staging\/wp-json\/wp\/v2\/users\/1"}],"replies":[{"embeddable":true,"href":"https:\/\/enfoca2sstudios.com\/staging\/wp-json\/wp\/v2\/comments?post=6104"}],"version-history":[{"count":7,"href":"https:\/\/enfoca2sstudios.com\/staging\/wp-json\/wp\/v2\/pages\/6104\/revisions"}],"predecessor-version":[{"id":6112,"href":"https:\/\/enfoca2sstudios.com\/staging\/wp-json\/wp\/v2\/pages\/6104\/revisions\/6112"}],"wp:attachment":[{"href":"https:\/\/enfoca2sstudios.com\/staging\/wp-json\/wp\/v2\/media?parent=6104"}],"curies":[{"name":"wp","href":"https:\/\/api.w.org\/{rel}","templated":true}]}}